{"id":203,"date":"2024-01-30T11:57:01","date_gmt":"2024-01-30T09:57:01","guid":{"rendered":"https:\/\/theclinique.ro\/aesthetic\/?post_type=product&#038;p=203"},"modified":"2025-12-09T19:15:39","modified_gmt":"2025-12-09T17:15:39","slug":"tratamentul-hiperhidrozei","status":"publish","type":"product","link":"https:\/\/theclinique.ro\/aesthetic\/produs\/tratamentul-hiperhidrozei\/","title":{"rendered":"Tratamentul Hiperhidrozei"},"content":{"rendered":"","protected":false},"excerpt":{"rendered":"<p><span style=\"color: #000000;\">Tratarea hiperhidrozei presupune injectarea superficial\u0103 a toxinei botulinice \u00een mai multe puncte, bloc\u00e2nd astfel ac\u021biunea nervoas\u0103 asupra glandelor sudoripare.<\/span><\/p>\n<p><span style=\"color: #000000;\">Toxina botulinic\u0103 nu vindec\u0103 definitiv hiperhidroza, de aceea vor fi necesare interven\u021bii ulterioare, repetate la un interval de 6-16 luni.<\/span><\/p>\n<p><span style=\"color: #000000;\">Zonele ce pot fi tratate sunt:<\/span><\/p>\n<ul>\n<li><span style=\"color: #000000;\">La nivel palmar<\/span><\/li>\n<li><span style=\"color: #000000;\">La nivel plantar<\/span><\/li>\n<li><span style=\"color: #000000;\">La nivel axilar<\/span><\/li>\n<\/ul>\n","protected":false},"featured_media":189,"template":"","meta":{"_joinchat":[]},"product_brand":[],"product_cat":[18],"product_tag":[],"class_list":{"0":"post-203","1":"product","2":"type-product","3":"status-publish","4":"has-post-thumbnail","6":"product_cat-medicina-estetica","8":"first","9":"instock","10":"taxable","11":"shipping-taxable","12":"purchasable","13":"product-type-variable"},"_links":{"self":[{"href":"https:\/\/theclinique.ro\/aesthetic\/wp-json\/wp\/v2\/product\/203","targetHints":{"allow":["GET"]}}],"collection":[{"href":"https:\/\/theclinique.ro\/aesthetic\/wp-json\/wp\/v2\/product"}],"about":[{"href":"https:\/\/theclinique.ro\/aesthetic\/wp-json\/wp\/v2\/types\/product"}],"wp:featuredmedia":[{"embeddable":true,"href":"https:\/\/theclinique.ro\/aesthetic\/wp-json\/wp\/v2\/media\/189"}],"wp:attachment":[{"href":"https:\/\/theclinique.ro\/aesthetic\/wp-json\/wp\/v2\/media?parent=203"}],"wp:term":[{"taxonomy":"product_brand","embeddable":true,"href":"https:\/\/theclinique.ro\/aesthetic\/wp-json\/wp\/v2\/product_brand?post=203"},{"taxonomy":"product_cat","embeddable":true,"href":"https:\/\/theclinique.ro\/aesthetic\/wp-json\/wp\/v2\/product_cat?post=203"},{"taxonomy":"product_tag","embeddable":true,"href":"https:\/\/theclinique.ro\/aesthetic\/wp-json\/wp\/v2\/product_tag?post=203"}],"curies":[{"name":"wp","href":"https:\/\/api.w.org\/{rel}","templated":true}]}}