{"id":207,"date":"2024-01-30T11:50:01","date_gmt":"2024-01-30T09:50:01","guid":{"rendered":"https:\/\/theclinique.ro\/aesthetic\/?post_type=product&#038;p=207"},"modified":"2025-11-28T12:30:12","modified_gmt":"2025-11-28T10:30:12","slug":"volumizarea-si-hidratarea-buzelor","status":"publish","type":"product","link":"https:\/\/theclinique.ro\/aesthetic\/produs\/volumizarea-si-hidratarea-buzelor\/","title":{"rendered":"Volumizarea \u0219i hidratarea buzelor"},"content":{"rendered":"","protected":false},"excerpt":{"rendered":"<p><span style=\"color: #000000;\">Injectarea buzelor cu Acid Hialuronic este una dintre cele mai populare interven\u021bii non-chirurgicale, care contribuie at\u00e2t la volumizarea acestora c\u00e2t \u0219i la \u00eembun\u0103t\u0103\u021birea formei sau a definirii conturului. De asemenea, cu ajutorul Acidul Hialuronic se poate realiza \u0219i o corec\u021bie a posibilelor asimetrii la nivelul buzelor.<\/span><\/p>\n<p><span style=\"color: #000000;\">\u00cen cadrul clinicii noastre po\u021bi beneficia de cele mai noi tehnici de injectare utilizate la nivel mondial \u0219i de diferite tipuri de fillere de \u00eenalt\u0103 calitate precum: Juvederm, Teosyal, Restylane \u0219i Croma Saypha.<\/span><\/p>\n<p><span style=\"color: #000000;\">Medicii din cadrul echipei noastre, care dispun de o vast\u0103 experien\u021b\u0103, analizeaz\u0103 nevoile individuale ale pacien\u021bilor \u0219i recomand\u0103 cele mai potrivite tratamente, pentru a ob\u021bine rezultatele dorite.<\/span><\/p>\n","protected":false},"featured_media":193,"template":"","meta":{"_joinchat":[]},"product_brand":[],"product_cat":[18],"product_tag":[],"class_list":{"0":"post-207","1":"product","2":"type-product","3":"status-publish","4":"has-post-thumbnail","6":"product_cat-medicina-estetica","8":"first","9":"instock","10":"taxable","11":"shipping-taxable","12":"purchasable","13":"product-type-variable"},"_links":{"self":[{"href":"https:\/\/theclinique.ro\/aesthetic\/wp-json\/wp\/v2\/product\/207","targetHints":{"allow":["GET"]}}],"collection":[{"href":"https:\/\/theclinique.ro\/aesthetic\/wp-json\/wp\/v2\/product"}],"about":[{"href":"https:\/\/theclinique.ro\/aesthetic\/wp-json\/wp\/v2\/types\/product"}],"wp:featuredmedia":[{"embeddable":true,"href":"https:\/\/theclinique.ro\/aesthetic\/wp-json\/wp\/v2\/media\/193"}],"wp:attachment":[{"href":"https:\/\/theclinique.ro\/aesthetic\/wp-json\/wp\/v2\/media?parent=207"}],"wp:term":[{"taxonomy":"product_brand","embeddable":true,"href":"https:\/\/theclinique.ro\/aesthetic\/wp-json\/wp\/v2\/product_brand?post=207"},{"taxonomy":"product_cat","embeddable":true,"href":"https:\/\/theclinique.ro\/aesthetic\/wp-json\/wp\/v2\/product_cat?post=207"},{"taxonomy":"product_tag","embeddable":true,"href":"https:\/\/theclinique.ro\/aesthetic\/wp-json\/wp\/v2\/product_tag?post=207"}],"curies":[{"name":"wp","href":"https:\/\/api.w.org\/{rel}","templated":true}]}}