{"id":217,"date":"2024-01-30T11:40:01","date_gmt":"2024-01-30T09:40:01","guid":{"rendered":"https:\/\/theclinique.ro\/aesthetic\/?post_type=product&#038;p=217"},"modified":"2025-11-28T12:35:44","modified_gmt":"2025-11-28T10:35:44","slug":"corectia-cearcanelor-si-tratamentul-zonei-perioculare","status":"publish","type":"product","link":"https:\/\/theclinique.ro\/aesthetic\/produs\/corectia-cearcanelor-si-tratamentul-zonei-perioculare\/","title":{"rendered":"Corec\u021bia cearc\u0103nelor \u0219i tratamentul zonei perioculare"},"content":{"rendered":"","protected":false},"excerpt":{"rendered":"<p><span style=\"color: #000000;\">\u00cen cadrul clinicii noastre po\u021bi ob\u021bine o transformare remarcabil\u0103 \u0219i un aspect mai t\u00e2n\u0103r cu ajutorul tratamentelor special concepute pentru tratarea zonei perioculare.<\/span><\/p>\n<p><span style=\"color: #000000;\">Po\u021bi beneficia de o gam\u0103 variat\u0103 de proceduri \u0219i solu\u021bii injectabile de calitate, fie c\u0103 vorbim de un plus de hidratare, de uniformizare a culorii sau de corec\u021bia depresiunilor din jurul ochilor.<\/span><\/p>\n<p><span style=\"color: #000000;\">Toate procedurile sunt efectuate cu cele mai moderne tehnologii \u0219i la cele mai \u00eenalte standarde medicale, iar echipa noastr\u0103 de medici \u00ee\u021bi va propune solu\u021bia potrivit\u0103 adaptat\u0103 nevoilor tale.<\/span><\/p>\n","protected":false},"featured_media":192,"template":"","meta":{"_joinchat":[]},"product_brand":[],"product_cat":[18],"product_tag":[],"class_list":{"0":"post-217","1":"product","2":"type-product","3":"status-publish","4":"has-post-thumbnail","6":"product_cat-medicina-estetica","8":"first","9":"instock","10":"taxable","11":"shipping-taxable","12":"purchasable","13":"product-type-variable"},"_links":{"self":[{"href":"https:\/\/theclinique.ro\/aesthetic\/wp-json\/wp\/v2\/product\/217","targetHints":{"allow":["GET"]}}],"collection":[{"href":"https:\/\/theclinique.ro\/aesthetic\/wp-json\/wp\/v2\/product"}],"about":[{"href":"https:\/\/theclinique.ro\/aesthetic\/wp-json\/wp\/v2\/types\/product"}],"wp:featuredmedia":[{"embeddable":true,"href":"https:\/\/theclinique.ro\/aesthetic\/wp-json\/wp\/v2\/media\/192"}],"wp:attachment":[{"href":"https:\/\/theclinique.ro\/aesthetic\/wp-json\/wp\/v2\/media?parent=217"}],"wp:term":[{"taxonomy":"product_brand","embeddable":true,"href":"https:\/\/theclinique.ro\/aesthetic\/wp-json\/wp\/v2\/product_brand?post=217"},{"taxonomy":"product_cat","embeddable":true,"href":"https:\/\/theclinique.ro\/aesthetic\/wp-json\/wp\/v2\/product_cat?post=217"},{"taxonomy":"product_tag","embeddable":true,"href":"https:\/\/theclinique.ro\/aesthetic\/wp-json\/wp\/v2\/product_tag?post=217"}],"curies":[{"name":"wp","href":"https:\/\/api.w.org\/{rel}","templated":true}]}}