{"id":235,"date":"2024-01-30T11:20:01","date_gmt":"2024-01-30T09:20:01","guid":{"rendered":"https:\/\/theclinique.ro\/aesthetic\/?post_type=product&#038;p=235"},"modified":"2025-11-28T12:45:55","modified_gmt":"2025-11-28T10:45:55","slug":"reconturare-faciala-si-volumetrie","status":"publish","type":"product","link":"https:\/\/theclinique.ro\/aesthetic\/produs\/reconturare-faciala-si-volumetrie\/","title":{"rendered":"Reconturare facial\u0103 \u0219i volumetrie"},"content":{"rendered":"","protected":false},"excerpt":{"rendered":"<p><span style=\"color: #000000;\">Modific\u0103rile care apar la nivel facial, odat\u0103 cu trecerea timpului, au cauze multiple precum: pierderea fermit\u0103\u021bii si elasticit\u0103\u021bii tegumentului, sc\u0103derea hidrat\u0103rii si modificarea planurilor anatomice.<\/span><\/p>\n<p><span style=\"color: #000000;\">Reconturarea facial\u0103 \u0219i volumetria reprezint\u0103 o inova\u021bie \u00een domeniul procedurilor injectabile, care ofer\u0103 o corec\u021bie rapid\u0103 \u0219i minim-invaziv\u0103 pentru asimetrii sau modific\u0103ri survenite odat\u0103 cu trecerea timpului.<\/span><\/p>\n<p><span style=\"color: #000000;\">Depozitele de gr\u0103sime formate \u00een zona b\u0103rbiei, abdomenului, coapselor \u0219i subfesier se pot elimina rapid \u0219i nedureros cu ajutorul lipolizei injectabile.<\/span><\/p>\n<p><span style=\"color: #000000;\">Procedurile noastre sunt efectuate de medici speciali\u0219ti, cu o aten\u021bie minu\u021bioas\u0103 la detalii \u0219i produse premium.<\/span><br \/>\n<span style=\"color: #000000;\">Fiecare pas al tratamentului este planificat \u0219i executat cu precizie pentru a ne asigura c\u0103 ob\u021binem rezultatele dorite.<\/span><\/p>\n","protected":false},"featured_media":185,"template":"","meta":{"_joinchat":[]},"product_brand":[],"product_cat":[18],"product_tag":[],"class_list":{"0":"post-235","1":"product","2":"type-product","3":"status-publish","4":"has-post-thumbnail","6":"product_cat-medicina-estetica","8":"first","9":"instock","10":"taxable","11":"shipping-taxable","12":"purchasable","13":"product-type-variable"},"_links":{"self":[{"href":"https:\/\/theclinique.ro\/aesthetic\/wp-json\/wp\/v2\/product\/235","targetHints":{"allow":["GET"]}}],"collection":[{"href":"https:\/\/theclinique.ro\/aesthetic\/wp-json\/wp\/v2\/product"}],"about":[{"href":"https:\/\/theclinique.ro\/aesthetic\/wp-json\/wp\/v2\/types\/product"}],"wp:featuredmedia":[{"embeddable":true,"href":"https:\/\/theclinique.ro\/aesthetic\/wp-json\/wp\/v2\/media\/185"}],"wp:attachment":[{"href":"https:\/\/theclinique.ro\/aesthetic\/wp-json\/wp\/v2\/media?parent=235"}],"wp:term":[{"taxonomy":"product_brand","embeddable":true,"href":"https:\/\/theclinique.ro\/aesthetic\/wp-json\/wp\/v2\/product_brand?post=235"},{"taxonomy":"product_cat","embeddable":true,"href":"https:\/\/theclinique.ro\/aesthetic\/wp-json\/wp\/v2\/product_cat?post=235"},{"taxonomy":"product_tag","embeddable":true,"href":"https:\/\/theclinique.ro\/aesthetic\/wp-json\/wp\/v2\/product_tag?post=235"}],"curies":[{"name":"wp","href":"https:\/\/api.w.org\/{rel}","templated":true}]}}