{"id":243,"date":"2024-01-30T11:10:00","date_gmt":"2024-01-30T09:10:00","guid":{"rendered":"https:\/\/theclinique.ro\/aesthetic\/?post_type=product&#038;p=243"},"modified":"2025-11-28T12:53:30","modified_gmt":"2025-11-28T10:53:30","slug":"caderea-parului-si-sanatatea-scalpului","status":"publish","type":"product","link":"https:\/\/theclinique.ro\/aesthetic\/produs\/caderea-parului-si-sanatatea-scalpului\/","title":{"rendered":"C\u0103derea p\u0103rului \u0219i s\u0103n\u0103tatea scalpului"},"content":{"rendered":"","protected":false},"excerpt":{"rendered":"<p><span style=\"color: #000000;\">\u00cen cadrul clinicii noastre, punem la dispozi\u021bie cele mai moderne proceduri pentru men\u021binerea s\u0103n\u0103t\u0103\u021bii p\u0103rului \u0219i a scalpului, bazate pe cocktail-uri specifice ce con\u021bin vitamine, minerale \u0219i aminoacizi esen\u021biali.<\/span><\/p>\n<p><span style=\"color: #000000;\">Aceste proceduri au ca scop stimularea proceselor de regenerare profund\u0103, pentru a redob\u00e2ndi un p\u0103r s\u0103n\u0103tos \u0219i str\u0103lucitor.<\/span><\/p>\n<p><span style=\"color: #000000;\">Toate procedurile sunt efectuate cu o aten\u021bie deosebit\u0103 la detalii \u0219i la cele mai \u00eenalte standarde medicale. \u00cen plus, \u00ee\u021bi oferim solu\u021bii personalizate sub \u00eendrumarea exper\u021bilor no\u0219tri.<\/span><\/p>\n","protected":false},"featured_media":190,"template":"","meta":{"_joinchat":[]},"product_brand":[],"product_cat":[18],"product_tag":[],"class_list":{"0":"post-243","1":"product","2":"type-product","3":"status-publish","4":"has-post-thumbnail","6":"product_cat-medicina-estetica","8":"first","9":"instock","10":"taxable","11":"shipping-taxable","12":"purchasable","13":"product-type-variable"},"_links":{"self":[{"href":"https:\/\/theclinique.ro\/aesthetic\/wp-json\/wp\/v2\/product\/243","targetHints":{"allow":["GET"]}}],"collection":[{"href":"https:\/\/theclinique.ro\/aesthetic\/wp-json\/wp\/v2\/product"}],"about":[{"href":"https:\/\/theclinique.ro\/aesthetic\/wp-json\/wp\/v2\/types\/product"}],"wp:featuredmedia":[{"embeddable":true,"href":"https:\/\/theclinique.ro\/aesthetic\/wp-json\/wp\/v2\/media\/190"}],"wp:attachment":[{"href":"https:\/\/theclinique.ro\/aesthetic\/wp-json\/wp\/v2\/media?parent=243"}],"wp:term":[{"taxonomy":"product_brand","embeddable":true,"href":"https:\/\/theclinique.ro\/aesthetic\/wp-json\/wp\/v2\/product_brand?post=243"},{"taxonomy":"product_cat","embeddable":true,"href":"https:\/\/theclinique.ro\/aesthetic\/wp-json\/wp\/v2\/product_cat?post=243"},{"taxonomy":"product_tag","embeddable":true,"href":"https:\/\/theclinique.ro\/aesthetic\/wp-json\/wp\/v2\/product_tag?post=243"}],"curies":[{"name":"wp","href":"https:\/\/api.w.org\/{rel}","templated":true}]}}