{"id":291,"date":"2024-06-14T17:43:35","date_gmt":"2024-06-14T15:43:35","guid":{"rendered":"https:\/\/theclinique.ro\/aesthetic\/?post_type=product&#038;p=291"},"modified":"2024-06-14T17:43:35","modified_gmt":"2024-06-14T15:43:35","slug":"iv-drips","status":"publish","type":"product","link":"https:\/\/theclinique.ro\/aesthetic\/produs\/iv-drips\/","title":{"rendered":"IV Drips"},"content":{"rendered":"","protected":false},"excerpt":{"rendered":"<p><span style=\"color: #000000;\">IV Drips este administrarea \u00een doz\u0103 mare de nutrien\u021bi esen\u021biali, vitamine \u0219i antioxidan\u021bi, direct \u00een fluxul sanguin, favoriz\u00e2nd astfel absorb\u021bia mai rapid\u0103 a acestora.<\/span><\/p>\n<p><span style=\"color: #000000;\">Procedura este de tip intravenos fiind administrat\u0103 o perfuzie special formulat\u0103 cu un cocktail de substan\u021be precum: electroli\u021bi, vitamina C, vitamina B, minerale, antioxidan\u021bi, aminoacizi, glutation, L-carnitin\u0103, acid alfa-lipoic, acid folic, biotin\u0103 sau magneziu.<\/span><\/p>\n<p><span style=\"color: #000000;\">Tratamentele perfuzabile aduc multiple beneficii precum: hidratare, rec\u0103p\u0103tarea energiei, cre\u0219terea performan\u021bei mentale prin \u00eembun\u0103t\u0103\u021birea func\u021biei cognitive, sus\u021binerea sistemului imunitar, reducerea nivelului de colesterol, dezvoltarea \u0219i men\u021binerea \u021besutului s\u0103n\u0103tos (inclusiv s\u0103n\u0103tatea pielii \u0219i a p\u0103rului), regenerarea muscular\u0103, detoxifierea organismului, cre\u0219terea nivelului de energie, combaterea r\u0103celii, stimularea func\u021bionalit\u0103\u021bii aparatului cardiovascular sau accelerarea sc\u0103derii \u00een greutate.<\/span><\/p>\n<p><span style=\"color: #000000;\">Tratamentul este personalizat, iar medicii speciali\u0219ti din echipa noastr\u0103 te ajut\u0103 s\u0103 alegi produsul potrivit pentru nevoile tale!<\/span><\/p>\n","protected":false},"featured_media":292,"template":"","meta":{"_joinchat":[]},"product_brand":[],"product_cat":[18],"product_tag":[],"class_list":{"0":"post-291","1":"product","2":"type-product","3":"status-publish","4":"has-post-thumbnail","6":"product_cat-medicina-estetica","8":"first","9":"instock","10":"taxable","11":"shipping-taxable","12":"purchasable","13":"product-type-variable"},"_links":{"self":[{"href":"https:\/\/theclinique.ro\/aesthetic\/wp-json\/wp\/v2\/product\/291","targetHints":{"allow":["GET"]}}],"collection":[{"href":"https:\/\/theclinique.ro\/aesthetic\/wp-json\/wp\/v2\/product"}],"about":[{"href":"https:\/\/theclinique.ro\/aesthetic\/wp-json\/wp\/v2\/types\/product"}],"wp:featuredmedia":[{"embeddable":true,"href":"https:\/\/theclinique.ro\/aesthetic\/wp-json\/wp\/v2\/media\/292"}],"wp:attachment":[{"href":"https:\/\/theclinique.ro\/aesthetic\/wp-json\/wp\/v2\/media?parent=291"}],"wp:term":[{"taxonomy":"product_brand","embeddable":true,"href":"https:\/\/theclinique.ro\/aesthetic\/wp-json\/wp\/v2\/product_brand?post=291"},{"taxonomy":"product_cat","embeddable":true,"href":"https:\/\/theclinique.ro\/aesthetic\/wp-json\/wp\/v2\/product_cat?post=291"},{"taxonomy":"product_tag","embeddable":true,"href":"https:\/\/theclinique.ro\/aesthetic\/wp-json\/wp\/v2\/product_tag?post=291"}],"curies":[{"name":"wp","href":"https:\/\/api.w.org\/{rel}","templated":true}]}}