{"id":378,"date":"2024-12-12T08:52:06","date_gmt":"2024-12-12T06:52:06","guid":{"rendered":"https:\/\/theclinique.ro\/aesthetic\/?post_type=product&#038;p=378"},"modified":"2026-03-04T20:10:46","modified_gmt":"2026-03-04T18:10:46","slug":"biorevitalizare","status":"publish","type":"product","link":"https:\/\/theclinique.ro\/aesthetic\/produs\/biorevitalizare\/","title":{"rendered":"Biorevitalizare"},"content":{"rendered":"","protected":false},"excerpt":{"rendered":"<p><span style=\"color: #000000;\"><strong>Biostimulatoarele: <\/strong><\/span><br \/>\n<span style=\"color: #000000;\">Au efecte pe durata lunga de timp.<\/span> <span style=\"color: #000000;\">Stimuleaz\u0103 produc\u021bia natural\u0103 de colagen, oferind un rezultat progresiv \u0219i de lung\u0103 durat\u0103 (2-3 ani).<\/span> <span style=\"color: #000000;\">Sunt ideale pentru cei care doresc \u00eembun\u0103t\u0103\u021biri subtile, dar de durat\u0103, f\u0103r\u0103 a repeta des tratamentele.<\/span><\/p>\n<p><span style=\"color: #000000;\"><strong>Ofera rezultate naturale<\/strong><\/span><br \/>\n<span style=\"color: #000000;\">Favorizeaz\u0103 procesul natural de regenerare a pielii, f\u0103r\u0103 a &#8222;umple&#8221; brusc zonele tratate.<\/span> <span style=\"color: #000000;\">Rezultatele sunt treptate, iar aspectul r\u0103m\u00e2ne foarte natural.<\/span><\/p>\n<p><span style=\"color: #000000;\"><strong>Indica\u021bii pentru diferite nevoi:<\/strong><\/span><br \/>\n<span style=\"color: #000000;\">Sunt potrivite pentru tratarea \u00eentregii suprafe\u021be a fe\u021bei, a corpului sau a zonelor mari, unde este nevoie de refacerea structurii pielii.<\/span> <span style=\"color: #000000;\">Sunt excelente pentru pacien\u021bii care se confrunt\u0103 cu pierdere masiv\u0103 de volum sau laxitate cutanat\u0103 (piele l\u0103sat\u0103)<\/span><\/p>\n<p><span style=\"color: #000000;\"><strong>Investi\u021bia pe termen lung:<\/strong><\/span><br \/>\n<span style=\"color: #000000;\">De\u0219i costul ini\u021bial este mai mare, rezultatele sunt durabile (2-3 ani), necesit\u00e2nd mai pu\u021bine \u0219edin\u021be.<\/span> <span style=\"color: #000000;\">Beneficiaz\u0103 de un efect cumulativ, iar pielea continu\u0103 s\u0103 produc\u0103 colagen chiar \u0219i dup\u0103 terminarea tratamentului.<\/span><\/p>\n","protected":false},"featured_media":191,"template":"","meta":{"_joinchat":[]},"product_brand":[],"product_cat":[18],"product_tag":[],"class_list":{"0":"post-378","1":"product","2":"type-product","3":"status-publish","4":"has-post-thumbnail","6":"product_cat-medicina-estetica","8":"first","9":"instock","10":"sale","11":"taxable","12":"shipping-taxable","13":"purchasable","14":"product-type-variable"},"_links":{"self":[{"href":"https:\/\/theclinique.ro\/aesthetic\/wp-json\/wp\/v2\/product\/378","targetHints":{"allow":["GET"]}}],"collection":[{"href":"https:\/\/theclinique.ro\/aesthetic\/wp-json\/wp\/v2\/product"}],"about":[{"href":"https:\/\/theclinique.ro\/aesthetic\/wp-json\/wp\/v2\/types\/product"}],"wp:featuredmedia":[{"embeddable":true,"href":"https:\/\/theclinique.ro\/aesthetic\/wp-json\/wp\/v2\/media\/191"}],"wp:attachment":[{"href":"https:\/\/theclinique.ro\/aesthetic\/wp-json\/wp\/v2\/media?parent=378"}],"wp:term":[{"taxonomy":"product_brand","embeddable":true,"href":"https:\/\/theclinique.ro\/aesthetic\/wp-json\/wp\/v2\/product_brand?post=378"},{"taxonomy":"product_cat","embeddable":true,"href":"https:\/\/theclinique.ro\/aesthetic\/wp-json\/wp\/v2\/product_cat?post=378"},{"taxonomy":"product_tag","embeddable":true,"href":"https:\/\/theclinique.ro\/aesthetic\/wp-json\/wp\/v2\/product_tag?post=378"}],"curies":[{"name":"wp","href":"https:\/\/api.w.org\/{rel}","templated":true}]}}