{"id":556,"date":"2025-10-03T11:06:58","date_gmt":"2025-10-03T09:06:58","guid":{"rendered":"https:\/\/theclinique.ro\/aesthetic\/?post_type=product&#038;p=556"},"modified":"2026-03-04T20:10:46","modified_gmt":"2026-03-04T18:10:46","slug":"stimulare-si-regenerare-capilara","status":"publish","type":"product","link":"https:\/\/theclinique.ro\/aesthetic\/produs\/stimulare-si-regenerare-capilara\/","title":{"rendered":"Stimulare \u0219i Regenerare Capilar\u0103"},"content":{"rendered":"","protected":false},"excerpt":{"rendered":"<p><strong><span style=\"color: #000000;\">Genosys HAIR GENTRON<span class=\"Apple-converted-space\">\u00a0<\/span><\/span><\/strong><\/p>\n<p><span style=\"color: #000000;\">Solu\u021bia inovatoare pentru regenerarea p\u0103rului<\/span><\/p>\n<p><span style=\"color: #000000;\">Genosys HAIR GENTRON este un tratament avansat de stimulare \u0219i regenerare capilar\u0103, creat special pentru a combate c\u0103derea p\u0103rului \u0219i a reda vitalitatea firului. Bazat pe cele mai noi tehnologii, ac\u021bioneaz\u0103 direct asupra foliculilor, \u00eembun\u0103t\u0103\u021bind microcircula\u021bia.<\/span><\/p>\n<p><span style=\"color: #000000;\">Tratamentul este recomandat at\u00e2t femeilor, c\u00e2t \u0219i b\u0103rba\u021bilor care se confrunt\u0103 cu:<\/span><\/p>\n<ul>\n<li><span style=\"color: #000000;\">c\u0103derea excesiv\u0103 a p\u0103rului<\/span><\/li>\n<li><span style=\"color: #000000;\">sub\u021bierea firelor<\/span><\/li>\n<li><span style=\"color: #000000;\">lipsa de volum<\/span><\/li>\n<li><span style=\"color: #000000;\">scalp sensibil sau afectat.<\/span><\/li>\n<\/ul>\n<p><span style=\"color: #000000;\">Beneficii principale:<\/span><\/p>\n<ul>\n<li><span style=\"color: #000000;\">stimuleaz\u0103 cre\u0219terea p\u0103rului s\u0103n\u0103tos \u0219i puternic<\/span><\/li>\n<li><span style=\"color: #000000;\">\u00eencetine\u0219te \u0219i previne c\u0103derea p\u0103rului<\/span><\/li>\n<li><span style=\"color: #000000;\">\u00eembun\u0103t\u0103\u021be\u0219te densitatea \u0219i rezisten\u021ba firelor<\/span><\/li>\n<\/ul>\n<p><span style=\"color: #000000;\">Rezultatele sunt vizibile progresiv, p\u0103rul devenind mai des \u0219i mai rezistent.<\/span><\/p>\n","protected":false},"featured_media":557,"template":"","meta":{"_joinchat":[]},"product_brand":[],"product_cat":[18],"product_tag":[],"class_list":{"0":"post-556","1":"product","2":"type-product","3":"status-publish","4":"has-post-thumbnail","6":"product_cat-medicina-estetica","8":"first","9":"instock","10":"taxable","11":"shipping-taxable","12":"purchasable","13":"product-type-variable"},"_links":{"self":[{"href":"https:\/\/theclinique.ro\/aesthetic\/wp-json\/wp\/v2\/product\/556","targetHints":{"allow":["GET"]}}],"collection":[{"href":"https:\/\/theclinique.ro\/aesthetic\/wp-json\/wp\/v2\/product"}],"about":[{"href":"https:\/\/theclinique.ro\/aesthetic\/wp-json\/wp\/v2\/types\/product"}],"wp:featuredmedia":[{"embeddable":true,"href":"https:\/\/theclinique.ro\/aesthetic\/wp-json\/wp\/v2\/media\/557"}],"wp:attachment":[{"href":"https:\/\/theclinique.ro\/aesthetic\/wp-json\/wp\/v2\/media?parent=556"}],"wp:term":[{"taxonomy":"product_brand","embeddable":true,"href":"https:\/\/theclinique.ro\/aesthetic\/wp-json\/wp\/v2\/product_brand?post=556"},{"taxonomy":"product_cat","embeddable":true,"href":"https:\/\/theclinique.ro\/aesthetic\/wp-json\/wp\/v2\/product_cat?post=556"},{"taxonomy":"product_tag","embeddable":true,"href":"https:\/\/theclinique.ro\/aesthetic\/wp-json\/wp\/v2\/product_tag?post=556"}],"curies":[{"name":"wp","href":"https:\/\/api.w.org\/{rel}","templated":true}]}}