{"id":876,"date":"2026-04-14T14:51:50","date_gmt":"2026-04-14T12:51:50","guid":{"rendered":"https:\/\/theclinique.ro\/aesthetic\/?post_type=product&#038;p=876"},"modified":"2026-04-14T22:52:00","modified_gmt":"2026-04-14T20:52:00","slug":"tratarea-ridurilor-botox-3-zone","status":"publish","type":"product","link":"https:\/\/theclinique.ro\/aesthetic\/produs\/tratarea-ridurilor-botox-3-zone\/","title":{"rendered":"Tratarea Ridurilor &#8211; Botox 3 Zone"},"content":{"rendered":"<p class=\"p1\">Redescoper\u0103 un chip odihnit \u0219i armonios. Tratamentul cu toxin\u0103 botulinic\u0103 atenueaz\u0103 ridurile de expresie \u0219i p\u0103streaza naturale\u021bea tr\u0103s\u0103turilor, oferind un efect vizibil de \u00eentinerire \u0219i rafinament, cu rezultate rapide \u0219i f\u0103r\u0103 timp de recuperare.<\/p>\n","protected":false},"excerpt":{"rendered":"<p>Redescoper\u0103 un chip odihnit \u0219i armonios. Tratamentul cu toxin\u0103 botulinic\u0103 atenueaz\u0103 ridurile de expresie \u0219i p\u0103streaza naturale\u021bea tr\u0103s\u0103turilor, oferind un efect vizibil de \u00eentinerire \u0219i rafinament, cu rezultate rapide \u0219i f\u0103r\u0103 timp de recuperare.<\/p>\n","protected":false},"featured_media":877,"template":"","meta":{"_joinchat":[]},"product_brand":[],"product_cat":[171],"product_tag":[],"class_list":{"0":"post-876","1":"product","2":"type-product","3":"status-publish","4":"has-post-thumbnail","6":"product_cat-spring-glow-up","8":"first","9":"instock","10":"sale","11":"virtual","12":"taxable","13":"purchasable","14":"product-type-simple"},"_links":{"self":[{"href":"https:\/\/theclinique.ro\/aesthetic\/wp-json\/wp\/v2\/product\/876","targetHints":{"allow":["GET"]}}],"collection":[{"href":"https:\/\/theclinique.ro\/aesthetic\/wp-json\/wp\/v2\/product"}],"about":[{"href":"https:\/\/theclinique.ro\/aesthetic\/wp-json\/wp\/v2\/types\/product"}],"wp:featuredmedia":[{"embeddable":true,"href":"https:\/\/theclinique.ro\/aesthetic\/wp-json\/wp\/v2\/media\/877"}],"wp:attachment":[{"href":"https:\/\/theclinique.ro\/aesthetic\/wp-json\/wp\/v2\/media?parent=876"}],"wp:term":[{"taxonomy":"product_brand","embeddable":true,"href":"https:\/\/theclinique.ro\/aesthetic\/wp-json\/wp\/v2\/product_brand?post=876"},{"taxonomy":"product_cat","embeddable":true,"href":"https:\/\/theclinique.ro\/aesthetic\/wp-json\/wp\/v2\/product_cat?post=876"},{"taxonomy":"product_tag","embeddable":true,"href":"https:\/\/theclinique.ro\/aesthetic\/wp-json\/wp\/v2\/product_tag?post=876"}],"curies":[{"name":"wp","href":"https:\/\/api.w.org\/{rel}","templated":true}]}}