{"id":878,"date":"2026-04-14T14:54:23","date_gmt":"2026-04-14T12:54:23","guid":{"rendered":"https:\/\/theclinique.ro\/aesthetic\/?post_type=product&#038;p=878"},"modified":"2026-04-16T11:58:36","modified_gmt":"2026-04-16T09:58:36","slug":"tratarea-alopeciei-exozomi-3-sedinte","status":"publish","type":"product","link":"https:\/\/theclinique.ro\/aesthetic\/produs\/tratarea-alopeciei-exozomi-3-sedinte\/","title":{"rendered":"Tratarea Alopeciei &#8211; Exozomi 3 Sedin\u021be"},"content":{"rendered":"<p class=\"p1\">Exosignal Hair revolu\u021bioneaz\u0103 regenerarea capilar\u0103 prin tehnologia avansat\u0103 a exozomilor, care livreaz\u0103 semnale celulare direct la r\u0103d\u0103cina firului de p\u0103r pentru a stopa c\u0103derea \u0219i a stimula cre\u0219terea. Ace\u0219ti mesageri biotehnologici p\u0103trund profund pentru a repara foliculii degrada\u021bi \u0219i a prelungi faza de cre\u0219tere activ\u0103, oferind rezultate vizibil superioare tratamentelor clasice. Protocolul standard recomand\u0103 o serie de 3-5 \u0219edin\u021be, efectuate la un interval de 2-4 s\u0103pt\u0103m\u00e2ni, prin tehnica de mezoterapie pentru o absorb\u021bie optim\u0103.<\/p>\n","protected":false},"excerpt":{"rendered":"<p>Exosignal Hair revolu\u021bioneaz\u0103 regenerarea capilar\u0103 prin tehnologia avansat\u0103 a exozomilor, care livreaz\u0103 semnale celulare direct la r\u0103d\u0103cina firului de p\u0103r pentru a stopa c\u0103derea \u0219i a stimula cresterea. Ace\u0219ti mesageri biotehnologici p\u0103trund profund pentru a repara foliculii degrada\u021bi \u0219i a prelungi faza de cre\u0219tere activ\u0103, oferind rezultate vizibil superioare tratamentelor clasice. Protocolul standard recomand\u0103 o serie de 3-5 \u0219edin\u021be, efectuate la un interval de 2-4 s\u0103pt\u0103m\u00e2ni, prin tehnica de mezoterapie pentru o absorb\u021bie optim\u0103.<\/p>\n","protected":false},"featured_media":879,"template":"","meta":{"_joinchat":[]},"product_brand":[],"product_cat":[171],"product_tag":[],"class_list":{"0":"post-878","1":"product","2":"type-product","3":"status-publish","4":"has-post-thumbnail","6":"product_cat-spring-glow-up","8":"first","9":"instock","10":"sale","11":"virtual","12":"taxable","13":"purchasable","14":"product-type-simple"},"_links":{"self":[{"href":"https:\/\/theclinique.ro\/aesthetic\/wp-json\/wp\/v2\/product\/878","targetHints":{"allow":["GET"]}}],"collection":[{"href":"https:\/\/theclinique.ro\/aesthetic\/wp-json\/wp\/v2\/product"}],"about":[{"href":"https:\/\/theclinique.ro\/aesthetic\/wp-json\/wp\/v2\/types\/product"}],"wp:featuredmedia":[{"embeddable":true,"href":"https:\/\/theclinique.ro\/aesthetic\/wp-json\/wp\/v2\/media\/879"}],"wp:attachment":[{"href":"https:\/\/theclinique.ro\/aesthetic\/wp-json\/wp\/v2\/media?parent=878"}],"wp:term":[{"taxonomy":"product_brand","embeddable":true,"href":"https:\/\/theclinique.ro\/aesthetic\/wp-json\/wp\/v2\/product_brand?post=878"},{"taxonomy":"product_cat","embeddable":true,"href":"https:\/\/theclinique.ro\/aesthetic\/wp-json\/wp\/v2\/product_cat?post=878"},{"taxonomy":"product_tag","embeddable":true,"href":"https:\/\/theclinique.ro\/aesthetic\/wp-json\/wp\/v2\/product_tag?post=878"}],"curies":[{"name":"wp","href":"https:\/\/api.w.org\/{rel}","templated":true}]}}