{"id":2365,"date":"2024-12-06T10:37:58","date_gmt":"2024-12-06T07:37:58","guid":{"rendered":"https:\/\/theclinique.ro\/primaverii\/?post_type=product&#038;p=2365"},"modified":"2025-07-31T23:59:26","modified_gmt":"2025-07-31T20:59:26","slug":"mezoterapie-prin-nanopore","status":"publish","type":"product","link":"https:\/\/theclinique.ro\/primaverii\/produs\/mezoterapie-prin-nanopore\/","title":{"rendered":"Mezoterapie prin Nanopore"},"content":{"rendered":"","protected":false},"excerpt":{"rendered":"<p><span style=\"color: #000000;\">Mezoterapia sau microneedlingul, este un tratament facial, care reduce profunzimea \u0219i estompeaz\u0103 aspectul cicatricilor \u0219i a urmelor cauzate de acnee.<\/span><\/p>\n<p><span style=\"color: #000000;\">Mezoterapia cu tehnologia Nanopore Stylus vizeaz\u0103 estomparea ridurilor, a petelor de pigmentare, reduce vizibil ad\u00e2ncimea ridurilor \u0219i a liniilor fine, \u00eembun\u0103t\u0103\u021be\u0219te semnificativ textura pielii. Astfel, pielea devine mai tonifiat\u0103, hidratat\u0103 \u0219i ferm\u0103.<\/span><br \/>\n<span style=\"color: #000000;\">\u00cen plus, microneedlingul cre\u0219te activitatea celular\u0103 impulsion\u00e2nd regenerarea \u021besuturilor \u0219i red\u0103 \u00een mod natural prospe\u021bimea \u0219i str\u0103lucirea tenului.<\/span><\/p>\n<p><span style=\"color: #000000;\">Doctorii din cadrul clinicii noastre folosesc \u00een tratamentul de mezoterapie \u0219i cocktailuri de substan\u021be active \u0219i vitamine, personaliz\u00e2nd astfel tratamentul \u00een func\u021bie de nevoile pacientului.<\/span><\/p>\n<p><span style=\"color: #000000;\">Sunt recomandate 3-4 \u0219edin\u021be \u00een cura de tratament, o \u0219edin\u021b\u0103 la 7-10 zile.<\/span><\/p>\n<p><span style=\"color: #000000;\">Descoper\u0103 efectele benefice ale mezoterapiei cu Nanopore Stylus al\u0103turi de cei mai buni speciali\u0219ti!<\/span><\/p>\n","protected":false},"featured_media":2388,"template":"","meta":[],"product_brand":[],"product_cat":[286],"product_tag":[],"class_list":{"0":"post-2365","1":"product","2":"type-product","3":"status-publish","4":"has-post-thumbnail","6":"product_cat-microneedling-nanopore","8":"first","9":"instock","10":"taxable","11":"shipping-taxable","12":"purchasable","13":"product-type-variable"},"yoast_head":"<!-- This site is optimized with the Yoast SEO plugin v27.2 - https:\/\/yoast.com\/product\/yoast-seo-wordpress\/ -->\n<title>Mezoterapie prin Nanopore<\/title>\n<meta name=\"description\" content=\"The Clinique Primaverii - Mezoterapie prin Nanopore\" \/>\n<meta name=\"robots\" content=\"index, follow, max-snippet:-1, max-image-preview:large, max-video-preview:-1\" \/>\n<link rel=\"canonical\" href=\"https:\/\/theclinique.ro\/primaverii\/produs\/mezoterapie-prin-nanopore\/\" \/>\n<meta property=\"og:locale\" content=\"ro_RO\" \/>\n<meta property=\"og:type\" content=\"article\" \/>\n<meta property=\"og:title\" content=\"Mezoterapie prin Nanopore\" \/>\n<meta property=\"og:description\" content=\"The Clinique Primaverii - Mezoterapie prin Nanopore\" \/>\n<meta property=\"og:url\" content=\"https:\/\/theclinique.ro\/primaverii\/produs\/mezoterapie-prin-nanopore\/\" \/>\n<meta property=\"og:site_name\" content=\"The Clinique Primaverii\" \/>\n<meta property=\"article:publisher\" content=\"https:\/\/www.facebook.com\/Theclinique.ro\" \/>\n<meta property=\"article:modified_time\" content=\"2025-07-31T20:59:26+00:00\" \/>\n<meta property=\"og:image\" content=\"https:\/\/theclinique.ro\/primaverii\/wp-content\/uploads\/2024\/12\/nano.jpg\" \/>\n\t<meta property=\"og:image:width\" content=\"1080\" \/>\n\t<meta property=\"og:image:height\" content=\"1080\" \/>\n\t<meta property=\"og:image:type\" content=\"image\/jpeg\" \/>\n<meta name=\"twitter:card\" content=\"summary_large_image\" \/>\n<meta name=\"twitter:label1\" content=\"Timp estimat pentru citire\" \/>\n\t<meta name=\"twitter:data1\" content=\"1 minut\" \/>\n<script type=\"application\/ld+json\" class=\"yoast-schema-graph\">{\"@context\":\"https:\/\/schema.org\",\"@graph\":[{\"@type\":\"WebPage\",\"@id\":\"https:\/\/theclinique.ro\/primaverii\/produs\/mezoterapie-prin-nanopore\/\",\"url\":\"https:\/\/theclinique.ro\/primaverii\/produs\/mezoterapie-prin-nanopore\/\",\"name\":\"Mezoterapie prin Nanopore\",\"isPartOf\":{\"@id\":\"https:\/\/theclinique.ro\/primaverii\/#website\"},\"primaryImageOfPage\":{\"@id\":\"https:\/\/theclinique.ro\/primaverii\/produs\/mezoterapie-prin-nanopore\/#primaryimage\"},\"image\":{\"@id\":\"https:\/\/theclinique.ro\/primaverii\/produs\/mezoterapie-prin-nanopore\/#primaryimage\"},\"thumbnailUrl\":\"https:\/\/theclinique.ro\/primaverii\/wp-content\/uploads\/2024\/12\/nano.jpg\",\"datePublished\":\"2024-12-06T07:37:58+00:00\",\"dateModified\":\"2025-07-31T20:59:26+00:00\",\"description\":\"The Clinique Primaverii - Mezoterapie prin Nanopore\",\"breadcrumb\":{\"@id\":\"https:\/\/theclinique.ro\/primaverii\/produs\/mezoterapie-prin-nanopore\/#breadcrumb\"},\"inLanguage\":\"ro-RO\",\"potentialAction\":[{\"@type\":\"ReadAction\",\"target\":[\"https:\/\/theclinique.ro\/primaverii\/produs\/mezoterapie-prin-nanopore\/\"]}]},{\"@type\":\"ImageObject\",\"inLanguage\":\"ro-RO\",\"@id\":\"https:\/\/theclinique.ro\/primaverii\/produs\/mezoterapie-prin-nanopore\/#primaryimage\",\"url\":\"https:\/\/theclinique.ro\/primaverii\/wp-content\/uploads\/2024\/12\/nano.jpg\",\"contentUrl\":\"https:\/\/theclinique.ro\/primaverii\/wp-content\/uploads\/2024\/12\/nano.jpg\",\"width\":1080,\"height\":1080},{\"@type\":\"BreadcrumbList\",\"@id\":\"https:\/\/theclinique.ro\/primaverii\/produs\/mezoterapie-prin-nanopore\/#breadcrumb\",\"itemListElement\":[{\"@type\":\"ListItem\",\"position\":1,\"name\":\"Prima pagin\u0103\",\"item\":\"https:\/\/theclinique.ro\/primaverii\/\"},{\"@type\":\"ListItem\",\"position\":2,\"name\":\"Shop Online\",\"item\":\"https:\/\/theclinique.ro\/primaverii\/shop\/\"},{\"@type\":\"ListItem\",\"position\":3,\"name\":\"Mezoterapie prin Nanopore\"}]},{\"@type\":\"WebSite\",\"@id\":\"https:\/\/theclinique.ro\/primaverii\/#website\",\"url\":\"https:\/\/theclinique.ro\/primaverii\/\",\"name\":\"The Clinique Primaverii\",\"description\":\"Beauty &amp; Health\",\"publisher\":{\"@id\":\"https:\/\/theclinique.ro\/primaverii\/#organization\"},\"potentialAction\":[{\"@type\":\"SearchAction\",\"target\":{\"@type\":\"EntryPoint\",\"urlTemplate\":\"https:\/\/theclinique.ro\/primaverii\/?s={search_term_string}\"},\"query-input\":{\"@type\":\"PropertyValueSpecification\",\"valueRequired\":true,\"valueName\":\"search_term_string\"}}],\"inLanguage\":\"ro-RO\"},{\"@type\":\"Organization\",\"@id\":\"https:\/\/theclinique.ro\/primaverii\/#organization\",\"name\":\"The Clinique Primaverii\",\"url\":\"https:\/\/theclinique.ro\/primaverii\/\",\"logo\":{\"@type\":\"ImageObject\",\"inLanguage\":\"ro-RO\",\"@id\":\"https:\/\/theclinique.ro\/primaverii\/#\/schema\/logo\/image\/\",\"url\":\"https:\/\/theclinique.ro\/primaverii\/wp-content\/uploads\/2023\/05\/logo.png\",\"contentUrl\":\"https:\/\/theclinique.ro\/primaverii\/wp-content\/uploads\/2023\/05\/logo.png\",\"width\":4369,\"height\":1080,\"caption\":\"The Clinique Primaverii\"},\"image\":{\"@id\":\"https:\/\/theclinique.ro\/primaverii\/#\/schema\/logo\/image\/\"},\"sameAs\":[\"https:\/\/www.facebook.com\/Theclinique.ro\",\"https:\/\/www.instagram.com\/theclinique.ro\/\"]}]}<\/script>\n<!-- \/ Yoast SEO plugin. -->","yoast_head_json":{"title":"Mezoterapie prin Nanopore","description":"The Clinique Primaverii - Mezoterapie prin Nanopore","robots":{"index":"index","follow":"follow","max-snippet":"max-snippet:-1","max-image-preview":"max-image-preview:large","max-video-preview":"max-video-preview:-1"},"canonical":"https:\/\/theclinique.ro\/primaverii\/produs\/mezoterapie-prin-nanopore\/","og_locale":"ro_RO","og_type":"article","og_title":"Mezoterapie prin Nanopore","og_description":"The Clinique Primaverii - Mezoterapie prin Nanopore","og_url":"https:\/\/theclinique.ro\/primaverii\/produs\/mezoterapie-prin-nanopore\/","og_site_name":"The Clinique Primaverii","article_publisher":"https:\/\/www.facebook.com\/Theclinique.ro","article_modified_time":"2025-07-31T20:59:26+00:00","og_image":[{"width":1080,"height":1080,"url":"https:\/\/theclinique.ro\/primaverii\/wp-content\/uploads\/2024\/12\/nano.jpg","type":"image\/jpeg"}],"twitter_card":"summary_large_image","twitter_misc":{"Timp estimat pentru citire":"1 minut"},"schema":{"@context":"https:\/\/schema.org","@graph":[{"@type":"WebPage","@id":"https:\/\/theclinique.ro\/primaverii\/produs\/mezoterapie-prin-nanopore\/","url":"https:\/\/theclinique.ro\/primaverii\/produs\/mezoterapie-prin-nanopore\/","name":"Mezoterapie prin Nanopore","isPartOf":{"@id":"https:\/\/theclinique.ro\/primaverii\/#website"},"primaryImageOfPage":{"@id":"https:\/\/theclinique.ro\/primaverii\/produs\/mezoterapie-prin-nanopore\/#primaryimage"},"image":{"@id":"https:\/\/theclinique.ro\/primaverii\/produs\/mezoterapie-prin-nanopore\/#primaryimage"},"thumbnailUrl":"https:\/\/theclinique.ro\/primaverii\/wp-content\/uploads\/2024\/12\/nano.jpg","datePublished":"2024-12-06T07:37:58+00:00","dateModified":"2025-07-31T20:59:26+00:00","description":"The Clinique Primaverii - Mezoterapie prin Nanopore","breadcrumb":{"@id":"https:\/\/theclinique.ro\/primaverii\/produs\/mezoterapie-prin-nanopore\/#breadcrumb"},"inLanguage":"ro-RO","potentialAction":[{"@type":"ReadAction","target":["https:\/\/theclinique.ro\/primaverii\/produs\/mezoterapie-prin-nanopore\/"]}]},{"@type":"ImageObject","inLanguage":"ro-RO","@id":"https:\/\/theclinique.ro\/primaverii\/produs\/mezoterapie-prin-nanopore\/#primaryimage","url":"https:\/\/theclinique.ro\/primaverii\/wp-content\/uploads\/2024\/12\/nano.jpg","contentUrl":"https:\/\/theclinique.ro\/primaverii\/wp-content\/uploads\/2024\/12\/nano.jpg","width":1080,"height":1080},{"@type":"BreadcrumbList","@id":"https:\/\/theclinique.ro\/primaverii\/produs\/mezoterapie-prin-nanopore\/#breadcrumb","itemListElement":[{"@type":"ListItem","position":1,"name":"Prima pagin\u0103","item":"https:\/\/theclinique.ro\/primaverii\/"},{"@type":"ListItem","position":2,"name":"Shop Online","item":"https:\/\/theclinique.ro\/primaverii\/shop\/"},{"@type":"ListItem","position":3,"name":"Mezoterapie prin Nanopore"}]},{"@type":"WebSite","@id":"https:\/\/theclinique.ro\/primaverii\/#website","url":"https:\/\/theclinique.ro\/primaverii\/","name":"The Clinique Primaverii","description":"Beauty &amp; Health","publisher":{"@id":"https:\/\/theclinique.ro\/primaverii\/#organization"},"potentialAction":[{"@type":"SearchAction","target":{"@type":"EntryPoint","urlTemplate":"https:\/\/theclinique.ro\/primaverii\/?s={search_term_string}"},"query-input":{"@type":"PropertyValueSpecification","valueRequired":true,"valueName":"search_term_string"}}],"inLanguage":"ro-RO"},{"@type":"Organization","@id":"https:\/\/theclinique.ro\/primaverii\/#organization","name":"The Clinique Primaverii","url":"https:\/\/theclinique.ro\/primaverii\/","logo":{"@type":"ImageObject","inLanguage":"ro-RO","@id":"https:\/\/theclinique.ro\/primaverii\/#\/schema\/logo\/image\/","url":"https:\/\/theclinique.ro\/primaverii\/wp-content\/uploads\/2023\/05\/logo.png","contentUrl":"https:\/\/theclinique.ro\/primaverii\/wp-content\/uploads\/2023\/05\/logo.png","width":4369,"height":1080,"caption":"The Clinique Primaverii"},"image":{"@id":"https:\/\/theclinique.ro\/primaverii\/#\/schema\/logo\/image\/"},"sameAs":["https:\/\/www.facebook.com\/Theclinique.ro","https:\/\/www.instagram.com\/theclinique.ro\/"]}]}},"_links":{"self":[{"href":"https:\/\/theclinique.ro\/primaverii\/wp-json\/wp\/v2\/product\/2365","targetHints":{"allow":["GET"]}}],"collection":[{"href":"https:\/\/theclinique.ro\/primaverii\/wp-json\/wp\/v2\/product"}],"about":[{"href":"https:\/\/theclinique.ro\/primaverii\/wp-json\/wp\/v2\/types\/product"}],"wp:featuredmedia":[{"embeddable":true,"href":"https:\/\/theclinique.ro\/primaverii\/wp-json\/wp\/v2\/media\/2388"}],"wp:attachment":[{"href":"https:\/\/theclinique.ro\/primaverii\/wp-json\/wp\/v2\/media?parent=2365"}],"wp:term":[{"taxonomy":"product_brand","embeddable":true,"href":"https:\/\/theclinique.ro\/primaverii\/wp-json\/wp\/v2\/product_brand?post=2365"},{"taxonomy":"product_cat","embeddable":true,"href":"https:\/\/theclinique.ro\/primaverii\/wp-json\/wp\/v2\/product_cat?post=2365"},{"taxonomy":"product_tag","embeddable":true,"href":"https:\/\/theclinique.ro\/primaverii\/wp-json\/wp\/v2\/product_tag?post=2365"}],"curies":[{"name":"wp","href":"https:\/\/api.w.org\/{rel}","templated":true}]}}