{"id":24,"date":"2023-05-12T12:41:05","date_gmt":"2023-05-12T09:41:05","guid":{"rendered":"https:\/\/theclinique.ro\/primaverii\/?post_type=product&#038;p=24"},"modified":"2025-07-31T23:59:14","modified_gmt":"2025-07-31T20:59:14","slug":"epilare-definitiva-soprano-titanium-femei","status":"publish","type":"product","link":"https:\/\/theclinique.ro\/primaverii\/produs\/epilare-definitiva-soprano-titanium-femei\/","title":{"rendered":"Epilare definitiv\u0103 Soprano Titanium \/ Femei \/ Prim\u0103verii"},"content":{"rendered":"","protected":false},"excerpt":{"rendered":"<p style=\"text-align: left;\"><span style=\"color: #000000;\"><span class=\"Apple-converted-space\">\u00a0<\/span>Laserul Soprano Titanium reinventeaz\u0103 procesul de \u00eendep\u0103rtare a p\u0103rului nedorit \u0219i face \u00eentreg procesul de epilare mai confortabil \u0219i mai rapid.<\/span><\/p>\n<p style=\"text-align: left;\"><span style=\"color: #000000;\">\u0218edin\u021ba de epilare definitiv\u0103 cu echipamentul laser Soprano Titanium se realizeaz\u0103 \u00eentr-un timp mult mai scurt \u0219i f\u0103r\u0103 durere, datorit\u0103 tehnologiei unice 3D \u0219i a sistemului de r\u0103cire ICE Plus.<\/span><\/p>\n<p><span style=\"color: #000000;\">\u0218edin\u021bele &#8222;Full body&#8221; cuprind urm\u0103toarele zone: picioare total, bra\u021be total, inghinal total, interfesier, axil\u0103 \u0219i musta\u021b\u0103.<\/span><\/p>\n<p><span style=\"color: #000000;\">\u0218edin\u021bele de epilare definitiv\u0103 din zona inghinal\u0103 nu includ zona interfesierilor. Acestea se consider\u0103 doua zone diferite \u0219i se achit\u0103 separat.<\/span><\/p>\n<p><span style=\"color: #000000;\">ATEN\u021aIE! Aceast\u0103 metoda de epilare nu func\u021bioneaz\u0103 pe firele albe sau ro\u0219cate.<\/span><\/p>\n","protected":false},"featured_media":54,"template":"","meta":[],"product_brand":[],"product_cat":[17],"product_tag":[],"class_list":{"0":"post-24","1":"product","2":"type-product","3":"status-publish","4":"has-post-thumbnail","6":"product_cat-soprano-titanium","8":"first","9":"instock","10":"taxable","11":"shipping-taxable","12":"purchasable","13":"product-type-variable"},"yoast_head":"<!-- This site is optimized with the Yoast SEO plugin v27.2 - https:\/\/yoast.com\/product\/yoast-seo-wordpress\/ -->\n<title>Epilare definitiv\u0103 Soprano Titanium \/ Femei \/ Prim\u0103verii<\/title>\n<meta name=\"description\" content=\"The Clinique Primaverii - Epilare definitiv\u0103 Soprano Titanium \/ Femei \/ Prim\u0103verii\" \/>\n<meta name=\"robots\" content=\"index, follow, max-snippet:-1, max-image-preview:large, max-video-preview:-1\" \/>\n<link rel=\"canonical\" href=\"https:\/\/theclinique.ro\/primaverii\/produs\/epilare-definitiva-soprano-titanium-femei\/\" \/>\n<meta property=\"og:locale\" content=\"ro_RO\" \/>\n<meta property=\"og:type\" content=\"article\" \/>\n<meta property=\"og:title\" content=\"Epilare definitiv\u0103 Soprano Titanium \/ Femei \/ Prim\u0103verii\" \/>\n<meta property=\"og:description\" content=\"The Clinique Primaverii - Epilare definitiv\u0103 Soprano Titanium \/ Femei \/ Prim\u0103verii\" \/>\n<meta property=\"og:url\" content=\"https:\/\/theclinique.ro\/primaverii\/produs\/epilare-definitiva-soprano-titanium-femei\/\" \/>\n<meta property=\"og:site_name\" content=\"The Clinique Primaverii\" \/>\n<meta property=\"article:publisher\" content=\"https:\/\/www.facebook.com\/Theclinique.ro\" \/>\n<meta property=\"article:modified_time\" content=\"2025-07-31T20:59:14+00:00\" \/>\n<meta property=\"og:image\" content=\"https:\/\/theclinique.ro\/primaverii\/wp-content\/uploads\/2023\/05\/theclinique3.jpg\" \/>\n\t<meta property=\"og:image:width\" content=\"1066\" \/>\n\t<meta property=\"og:image:height\" content=\"1066\" \/>\n\t<meta property=\"og:image:type\" content=\"image\/jpeg\" \/>\n<meta name=\"twitter:card\" content=\"summary_large_image\" \/>\n<script type=\"application\/ld+json\" class=\"yoast-schema-graph\">{\"@context\":\"https:\/\/schema.org\",\"@graph\":[{\"@type\":\"WebPage\",\"@id\":\"https:\/\/theclinique.ro\/primaverii\/produs\/epilare-definitiva-soprano-titanium-femei\/\",\"url\":\"https:\/\/theclinique.ro\/primaverii\/produs\/epilare-definitiva-soprano-titanium-femei\/\",\"name\":\"Epilare definitiv\u0103 Soprano Titanium \/ Femei \/ Prim\u0103verii\",\"isPartOf\":{\"@id\":\"https:\/\/theclinique.ro\/primaverii\/#website\"},\"primaryImageOfPage\":{\"@id\":\"https:\/\/theclinique.ro\/primaverii\/produs\/epilare-definitiva-soprano-titanium-femei\/#primaryimage\"},\"image\":{\"@id\":\"https:\/\/theclinique.ro\/primaverii\/produs\/epilare-definitiva-soprano-titanium-femei\/#primaryimage\"},\"thumbnailUrl\":\"https:\/\/theclinique.ro\/primaverii\/wp-content\/uploads\/2023\/05\/theclinique3.jpg\",\"datePublished\":\"2023-05-12T09:41:05+00:00\",\"dateModified\":\"2025-07-31T20:59:14+00:00\",\"description\":\"The Clinique Primaverii - Epilare definitiv\u0103 Soprano Titanium \/ Femei \/ Prim\u0103verii\",\"breadcrumb\":{\"@id\":\"https:\/\/theclinique.ro\/primaverii\/produs\/epilare-definitiva-soprano-titanium-femei\/#breadcrumb\"},\"inLanguage\":\"ro-RO\",\"potentialAction\":[{\"@type\":\"ReadAction\",\"target\":[\"https:\/\/theclinique.ro\/primaverii\/produs\/epilare-definitiva-soprano-titanium-femei\/\"]}]},{\"@type\":\"ImageObject\",\"inLanguage\":\"ro-RO\",\"@id\":\"https:\/\/theclinique.ro\/primaverii\/produs\/epilare-definitiva-soprano-titanium-femei\/#primaryimage\",\"url\":\"https:\/\/theclinique.ro\/primaverii\/wp-content\/uploads\/2023\/05\/theclinique3.jpg\",\"contentUrl\":\"https:\/\/theclinique.ro\/primaverii\/wp-content\/uploads\/2023\/05\/theclinique3.jpg\",\"width\":1066,\"height\":1066},{\"@type\":\"BreadcrumbList\",\"@id\":\"https:\/\/theclinique.ro\/primaverii\/produs\/epilare-definitiva-soprano-titanium-femei\/#breadcrumb\",\"itemListElement\":[{\"@type\":\"ListItem\",\"position\":1,\"name\":\"Prima pagin\u0103\",\"item\":\"https:\/\/theclinique.ro\/primaverii\/\"},{\"@type\":\"ListItem\",\"position\":2,\"name\":\"Shop Online\",\"item\":\"https:\/\/theclinique.ro\/primaverii\/shop\/\"},{\"@type\":\"ListItem\",\"position\":3,\"name\":\"Epilare definitiv\u0103 Soprano Titanium \/ Femei \/ Prim\u0103verii\"}]},{\"@type\":\"WebSite\",\"@id\":\"https:\/\/theclinique.ro\/primaverii\/#website\",\"url\":\"https:\/\/theclinique.ro\/primaverii\/\",\"name\":\"The Clinique Primaverii\",\"description\":\"Beauty &amp; Health\",\"publisher\":{\"@id\":\"https:\/\/theclinique.ro\/primaverii\/#organization\"},\"potentialAction\":[{\"@type\":\"SearchAction\",\"target\":{\"@type\":\"EntryPoint\",\"urlTemplate\":\"https:\/\/theclinique.ro\/primaverii\/?s={search_term_string}\"},\"query-input\":{\"@type\":\"PropertyValueSpecification\",\"valueRequired\":true,\"valueName\":\"search_term_string\"}}],\"inLanguage\":\"ro-RO\"},{\"@type\":\"Organization\",\"@id\":\"https:\/\/theclinique.ro\/primaverii\/#organization\",\"name\":\"The Clinique Primaverii\",\"url\":\"https:\/\/theclinique.ro\/primaverii\/\",\"logo\":{\"@type\":\"ImageObject\",\"inLanguage\":\"ro-RO\",\"@id\":\"https:\/\/theclinique.ro\/primaverii\/#\/schema\/logo\/image\/\",\"url\":\"https:\/\/theclinique.ro\/primaverii\/wp-content\/uploads\/2023\/05\/logo.png\",\"contentUrl\":\"https:\/\/theclinique.ro\/primaverii\/wp-content\/uploads\/2023\/05\/logo.png\",\"width\":4369,\"height\":1080,\"caption\":\"The Clinique Primaverii\"},\"image\":{\"@id\":\"https:\/\/theclinique.ro\/primaverii\/#\/schema\/logo\/image\/\"},\"sameAs\":[\"https:\/\/www.facebook.com\/Theclinique.ro\",\"https:\/\/www.instagram.com\/theclinique.ro\/\"]}]}<\/script>\n<!-- \/ Yoast SEO plugin. -->","yoast_head_json":{"title":"Epilare definitiv\u0103 Soprano Titanium \/ Femei \/ Prim\u0103verii","description":"The Clinique Primaverii - Epilare definitiv\u0103 Soprano Titanium \/ Femei \/ Prim\u0103verii","robots":{"index":"index","follow":"follow","max-snippet":"max-snippet:-1","max-image-preview":"max-image-preview:large","max-video-preview":"max-video-preview:-1"},"canonical":"https:\/\/theclinique.ro\/primaverii\/produs\/epilare-definitiva-soprano-titanium-femei\/","og_locale":"ro_RO","og_type":"article","og_title":"Epilare definitiv\u0103 Soprano Titanium \/ Femei \/ Prim\u0103verii","og_description":"The Clinique Primaverii - Epilare definitiv\u0103 Soprano Titanium \/ Femei \/ Prim\u0103verii","og_url":"https:\/\/theclinique.ro\/primaverii\/produs\/epilare-definitiva-soprano-titanium-femei\/","og_site_name":"The Clinique Primaverii","article_publisher":"https:\/\/www.facebook.com\/Theclinique.ro","article_modified_time":"2025-07-31T20:59:14+00:00","og_image":[{"width":1066,"height":1066,"url":"https:\/\/theclinique.ro\/primaverii\/wp-content\/uploads\/2023\/05\/theclinique3.jpg","type":"image\/jpeg"}],"twitter_card":"summary_large_image","schema":{"@context":"https:\/\/schema.org","@graph":[{"@type":"WebPage","@id":"https:\/\/theclinique.ro\/primaverii\/produs\/epilare-definitiva-soprano-titanium-femei\/","url":"https:\/\/theclinique.ro\/primaverii\/produs\/epilare-definitiva-soprano-titanium-femei\/","name":"Epilare definitiv\u0103 Soprano Titanium \/ Femei \/ Prim\u0103verii","isPartOf":{"@id":"https:\/\/theclinique.ro\/primaverii\/#website"},"primaryImageOfPage":{"@id":"https:\/\/theclinique.ro\/primaverii\/produs\/epilare-definitiva-soprano-titanium-femei\/#primaryimage"},"image":{"@id":"https:\/\/theclinique.ro\/primaverii\/produs\/epilare-definitiva-soprano-titanium-femei\/#primaryimage"},"thumbnailUrl":"https:\/\/theclinique.ro\/primaverii\/wp-content\/uploads\/2023\/05\/theclinique3.jpg","datePublished":"2023-05-12T09:41:05+00:00","dateModified":"2025-07-31T20:59:14+00:00","description":"The Clinique Primaverii - Epilare definitiv\u0103 Soprano Titanium \/ Femei \/ Prim\u0103verii","breadcrumb":{"@id":"https:\/\/theclinique.ro\/primaverii\/produs\/epilare-definitiva-soprano-titanium-femei\/#breadcrumb"},"inLanguage":"ro-RO","potentialAction":[{"@type":"ReadAction","target":["https:\/\/theclinique.ro\/primaverii\/produs\/epilare-definitiva-soprano-titanium-femei\/"]}]},{"@type":"ImageObject","inLanguage":"ro-RO","@id":"https:\/\/theclinique.ro\/primaverii\/produs\/epilare-definitiva-soprano-titanium-femei\/#primaryimage","url":"https:\/\/theclinique.ro\/primaverii\/wp-content\/uploads\/2023\/05\/theclinique3.jpg","contentUrl":"https:\/\/theclinique.ro\/primaverii\/wp-content\/uploads\/2023\/05\/theclinique3.jpg","width":1066,"height":1066},{"@type":"BreadcrumbList","@id":"https:\/\/theclinique.ro\/primaverii\/produs\/epilare-definitiva-soprano-titanium-femei\/#breadcrumb","itemListElement":[{"@type":"ListItem","position":1,"name":"Prima pagin\u0103","item":"https:\/\/theclinique.ro\/primaverii\/"},{"@type":"ListItem","position":2,"name":"Shop Online","item":"https:\/\/theclinique.ro\/primaverii\/shop\/"},{"@type":"ListItem","position":3,"name":"Epilare definitiv\u0103 Soprano Titanium \/ Femei \/ Prim\u0103verii"}]},{"@type":"WebSite","@id":"https:\/\/theclinique.ro\/primaverii\/#website","url":"https:\/\/theclinique.ro\/primaverii\/","name":"The Clinique Primaverii","description":"Beauty &amp; Health","publisher":{"@id":"https:\/\/theclinique.ro\/primaverii\/#organization"},"potentialAction":[{"@type":"SearchAction","target":{"@type":"EntryPoint","urlTemplate":"https:\/\/theclinique.ro\/primaverii\/?s={search_term_string}"},"query-input":{"@type":"PropertyValueSpecification","valueRequired":true,"valueName":"search_term_string"}}],"inLanguage":"ro-RO"},{"@type":"Organization","@id":"https:\/\/theclinique.ro\/primaverii\/#organization","name":"The Clinique Primaverii","url":"https:\/\/theclinique.ro\/primaverii\/","logo":{"@type":"ImageObject","inLanguage":"ro-RO","@id":"https:\/\/theclinique.ro\/primaverii\/#\/schema\/logo\/image\/","url":"https:\/\/theclinique.ro\/primaverii\/wp-content\/uploads\/2023\/05\/logo.png","contentUrl":"https:\/\/theclinique.ro\/primaverii\/wp-content\/uploads\/2023\/05\/logo.png","width":4369,"height":1080,"caption":"The Clinique Primaverii"},"image":{"@id":"https:\/\/theclinique.ro\/primaverii\/#\/schema\/logo\/image\/"},"sameAs":["https:\/\/www.facebook.com\/Theclinique.ro","https:\/\/www.instagram.com\/theclinique.ro\/"]}]}},"_links":{"self":[{"href":"https:\/\/theclinique.ro\/primaverii\/wp-json\/wp\/v2\/product\/24","targetHints":{"allow":["GET"]}}],"collection":[{"href":"https:\/\/theclinique.ro\/primaverii\/wp-json\/wp\/v2\/product"}],"about":[{"href":"https:\/\/theclinique.ro\/primaverii\/wp-json\/wp\/v2\/types\/product"}],"wp:featuredmedia":[{"embeddable":true,"href":"https:\/\/theclinique.ro\/primaverii\/wp-json\/wp\/v2\/media\/54"}],"wp:attachment":[{"href":"https:\/\/theclinique.ro\/primaverii\/wp-json\/wp\/v2\/media?parent=24"}],"wp:term":[{"taxonomy":"product_brand","embeddable":true,"href":"https:\/\/theclinique.ro\/primaverii\/wp-json\/wp\/v2\/product_brand?post=24"},{"taxonomy":"product_cat","embeddable":true,"href":"https:\/\/theclinique.ro\/primaverii\/wp-json\/wp\/v2\/product_cat?post=24"},{"taxonomy":"product_tag","embeddable":true,"href":"https:\/\/theclinique.ro\/primaverii\/wp-json\/wp\/v2\/product_tag?post=24"}],"curies":[{"name":"wp","href":"https:\/\/api.w.org\/{rel}","templated":true}]}}