{"id":4935,"date":"2026-03-07T20:58:21","date_gmt":"2026-03-07T17:58:21","guid":{"rendered":"https:\/\/theclinique.ro\/primaverii\/?post_type=product&#038;p=4935"},"modified":"2026-03-07T20:59:37","modified_gmt":"2026-03-07T17:59:37","slug":"oxigeneo","status":"publish","type":"product","link":"https:\/\/theclinique.ro\/primaverii\/produs\/oxigeneo\/","title":{"rendered":"Oxigeneo \/ Prim\u0103verii"},"content":{"rendered":"","protected":false},"excerpt":{"rendered":"<p>OxyGeneo este tratamentul care asigur\u0103 \u00een doar 30 de minute, 3 pa\u0219i esen\u021biali \u00een \u00eengrijirea profesional\u0103 a tenului:<br \/>\n&#8211; exfoliere<br \/>\n&#8211; infuzie de nutrien\u021bi<br \/>\n&#8211; stimularea procesului natural de oxigenare a pielii, prin aportul de CO2<br \/>\nCu ajutorul OxyGeneo se realizeaz\u0103 o procedur\u0103 de carboxiterapie virtual\u0103. Aportul de CO2 pe suprafa\u021ba pielii declan\u0219eaz\u0103 stimularea oxigen\u0103rii naturale a pielii, cre\u0219te fluxul de s\u00e2nge \u0219i procesele metabolice \u0219i contribuie la un ten cu aspect mai t\u00e2n\u0103r \u0219i mai s\u0103n\u0103tos.<\/p>\n","protected":false},"featured_media":56,"template":"","meta":[],"product_brand":[],"product_cat":[18],"product_tag":[],"class_list":{"0":"post-4935","1":"product","2":"type-product","3":"status-publish","4":"has-post-thumbnail","6":"product_cat-oxygeneo","8":"first","9":"instock","10":"taxable","11":"shipping-taxable","12":"purchasable","13":"product-type-variable"},"yoast_head":"<!-- This site is optimized with the Yoast SEO plugin v27.2 - https:\/\/yoast.com\/product\/yoast-seo-wordpress\/ -->\n<title>Oxigeneo \/ Prim\u0103verii<\/title>\n<meta name=\"description\" content=\"The Clinique Primaverii - Oxigeneo \/ Prim\u0103verii\" \/>\n<meta name=\"robots\" content=\"index, follow, max-snippet:-1, max-image-preview:large, max-video-preview:-1\" \/>\n<link rel=\"canonical\" href=\"https:\/\/theclinique.ro\/primaverii\/produs\/oxigeneo\/\" \/>\n<meta property=\"og:locale\" content=\"ro_RO\" \/>\n<meta property=\"og:type\" content=\"article\" \/>\n<meta property=\"og:title\" content=\"Oxigeneo \/ Prim\u0103verii\" \/>\n<meta property=\"og:description\" content=\"The Clinique Primaverii - Oxigeneo \/ Prim\u0103verii\" \/>\n<meta property=\"og:url\" content=\"https:\/\/theclinique.ro\/primaverii\/produs\/oxigeneo\/\" \/>\n<meta property=\"og:site_name\" content=\"The Clinique Primaverii\" \/>\n<meta property=\"article:publisher\" content=\"https:\/\/www.facebook.com\/Theclinique.ro\" \/>\n<meta property=\"article:modified_time\" content=\"2026-03-07T17:59:37+00:00\" \/>\n<meta property=\"og:image\" content=\"https:\/\/theclinique.ro\/primaverii\/wp-content\/uploads\/2023\/05\/theclinique13.jpg\" \/>\n\t<meta property=\"og:image:width\" content=\"1066\" \/>\n\t<meta property=\"og:image:height\" content=\"1066\" \/>\n\t<meta property=\"og:image:type\" content=\"image\/jpeg\" \/>\n<meta name=\"twitter:card\" content=\"summary_large_image\" \/>\n<meta name=\"twitter:label1\" content=\"Timp estimat pentru citire\" \/>\n\t<meta name=\"twitter:data1\" content=\"1 minut\" \/>\n<script type=\"application\/ld+json\" class=\"yoast-schema-graph\">{\"@context\":\"https:\/\/schema.org\",\"@graph\":[{\"@type\":\"WebPage\",\"@id\":\"https:\/\/theclinique.ro\/primaverii\/produs\/oxigeneo\/\",\"url\":\"https:\/\/theclinique.ro\/primaverii\/produs\/oxigeneo\/\",\"name\":\"Oxigeneo \/ Prim\u0103verii\",\"isPartOf\":{\"@id\":\"https:\/\/theclinique.ro\/primaverii\/#website\"},\"primaryImageOfPage\":{\"@id\":\"https:\/\/theclinique.ro\/primaverii\/produs\/oxigeneo\/#primaryimage\"},\"image\":{\"@id\":\"https:\/\/theclinique.ro\/primaverii\/produs\/oxigeneo\/#primaryimage\"},\"thumbnailUrl\":\"https:\/\/theclinique.ro\/primaverii\/wp-content\/uploads\/2023\/05\/theclinique13.jpg\",\"datePublished\":\"2026-03-07T17:58:21+00:00\",\"dateModified\":\"2026-03-07T17:59:37+00:00\",\"description\":\"The Clinique Primaverii - Oxigeneo \/ Prim\u0103verii\",\"breadcrumb\":{\"@id\":\"https:\/\/theclinique.ro\/primaverii\/produs\/oxigeneo\/#breadcrumb\"},\"inLanguage\":\"ro-RO\",\"potentialAction\":[{\"@type\":\"ReadAction\",\"target\":[\"https:\/\/theclinique.ro\/primaverii\/produs\/oxigeneo\/\"]}]},{\"@type\":\"ImageObject\",\"inLanguage\":\"ro-RO\",\"@id\":\"https:\/\/theclinique.ro\/primaverii\/produs\/oxigeneo\/#primaryimage\",\"url\":\"https:\/\/theclinique.ro\/primaverii\/wp-content\/uploads\/2023\/05\/theclinique13.jpg\",\"contentUrl\":\"https:\/\/theclinique.ro\/primaverii\/wp-content\/uploads\/2023\/05\/theclinique13.jpg\",\"width\":1066,\"height\":1066},{\"@type\":\"BreadcrumbList\",\"@id\":\"https:\/\/theclinique.ro\/primaverii\/produs\/oxigeneo\/#breadcrumb\",\"itemListElement\":[{\"@type\":\"ListItem\",\"position\":1,\"name\":\"Prima pagin\u0103\",\"item\":\"https:\/\/theclinique.ro\/primaverii\/\"},{\"@type\":\"ListItem\",\"position\":2,\"name\":\"Shop Online\",\"item\":\"https:\/\/theclinique.ro\/primaverii\/shop\/\"},{\"@type\":\"ListItem\",\"position\":3,\"name\":\"Oxigeneo \/ Prim\u0103verii\"}]},{\"@type\":\"WebSite\",\"@id\":\"https:\/\/theclinique.ro\/primaverii\/#website\",\"url\":\"https:\/\/theclinique.ro\/primaverii\/\",\"name\":\"The Clinique Primaverii\",\"description\":\"Beauty &amp; Health\",\"publisher\":{\"@id\":\"https:\/\/theclinique.ro\/primaverii\/#organization\"},\"potentialAction\":[{\"@type\":\"SearchAction\",\"target\":{\"@type\":\"EntryPoint\",\"urlTemplate\":\"https:\/\/theclinique.ro\/primaverii\/?s={search_term_string}\"},\"query-input\":{\"@type\":\"PropertyValueSpecification\",\"valueRequired\":true,\"valueName\":\"search_term_string\"}}],\"inLanguage\":\"ro-RO\"},{\"@type\":\"Organization\",\"@id\":\"https:\/\/theclinique.ro\/primaverii\/#organization\",\"name\":\"The Clinique Primaverii\",\"url\":\"https:\/\/theclinique.ro\/primaverii\/\",\"logo\":{\"@type\":\"ImageObject\",\"inLanguage\":\"ro-RO\",\"@id\":\"https:\/\/theclinique.ro\/primaverii\/#\/schema\/logo\/image\/\",\"url\":\"https:\/\/theclinique.ro\/primaverii\/wp-content\/uploads\/2023\/05\/logo.png\",\"contentUrl\":\"https:\/\/theclinique.ro\/primaverii\/wp-content\/uploads\/2023\/05\/logo.png\",\"width\":4369,\"height\":1080,\"caption\":\"The Clinique Primaverii\"},\"image\":{\"@id\":\"https:\/\/theclinique.ro\/primaverii\/#\/schema\/logo\/image\/\"},\"sameAs\":[\"https:\/\/www.facebook.com\/Theclinique.ro\",\"https:\/\/www.instagram.com\/theclinique.ro\/\"]}]}<\/script>\n<!-- \/ Yoast SEO plugin. -->","yoast_head_json":{"title":"Oxigeneo \/ Prim\u0103verii","description":"The Clinique Primaverii - Oxigeneo \/ Prim\u0103verii","robots":{"index":"index","follow":"follow","max-snippet":"max-snippet:-1","max-image-preview":"max-image-preview:large","max-video-preview":"max-video-preview:-1"},"canonical":"https:\/\/theclinique.ro\/primaverii\/produs\/oxigeneo\/","og_locale":"ro_RO","og_type":"article","og_title":"Oxigeneo \/ Prim\u0103verii","og_description":"The Clinique Primaverii - Oxigeneo \/ Prim\u0103verii","og_url":"https:\/\/theclinique.ro\/primaverii\/produs\/oxigeneo\/","og_site_name":"The Clinique Primaverii","article_publisher":"https:\/\/www.facebook.com\/Theclinique.ro","article_modified_time":"2026-03-07T17:59:37+00:00","og_image":[{"width":1066,"height":1066,"url":"https:\/\/theclinique.ro\/primaverii\/wp-content\/uploads\/2023\/05\/theclinique13.jpg","type":"image\/jpeg"}],"twitter_card":"summary_large_image","twitter_misc":{"Timp estimat pentru citire":"1 minut"},"schema":{"@context":"https:\/\/schema.org","@graph":[{"@type":"WebPage","@id":"https:\/\/theclinique.ro\/primaverii\/produs\/oxigeneo\/","url":"https:\/\/theclinique.ro\/primaverii\/produs\/oxigeneo\/","name":"Oxigeneo \/ Prim\u0103verii","isPartOf":{"@id":"https:\/\/theclinique.ro\/primaverii\/#website"},"primaryImageOfPage":{"@id":"https:\/\/theclinique.ro\/primaverii\/produs\/oxigeneo\/#primaryimage"},"image":{"@id":"https:\/\/theclinique.ro\/primaverii\/produs\/oxigeneo\/#primaryimage"},"thumbnailUrl":"https:\/\/theclinique.ro\/primaverii\/wp-content\/uploads\/2023\/05\/theclinique13.jpg","datePublished":"2026-03-07T17:58:21+00:00","dateModified":"2026-03-07T17:59:37+00:00","description":"The Clinique Primaverii - Oxigeneo \/ Prim\u0103verii","breadcrumb":{"@id":"https:\/\/theclinique.ro\/primaverii\/produs\/oxigeneo\/#breadcrumb"},"inLanguage":"ro-RO","potentialAction":[{"@type":"ReadAction","target":["https:\/\/theclinique.ro\/primaverii\/produs\/oxigeneo\/"]}]},{"@type":"ImageObject","inLanguage":"ro-RO","@id":"https:\/\/theclinique.ro\/primaverii\/produs\/oxigeneo\/#primaryimage","url":"https:\/\/theclinique.ro\/primaverii\/wp-content\/uploads\/2023\/05\/theclinique13.jpg","contentUrl":"https:\/\/theclinique.ro\/primaverii\/wp-content\/uploads\/2023\/05\/theclinique13.jpg","width":1066,"height":1066},{"@type":"BreadcrumbList","@id":"https:\/\/theclinique.ro\/primaverii\/produs\/oxigeneo\/#breadcrumb","itemListElement":[{"@type":"ListItem","position":1,"name":"Prima pagin\u0103","item":"https:\/\/theclinique.ro\/primaverii\/"},{"@type":"ListItem","position":2,"name":"Shop Online","item":"https:\/\/theclinique.ro\/primaverii\/shop\/"},{"@type":"ListItem","position":3,"name":"Oxigeneo \/ Prim\u0103verii"}]},{"@type":"WebSite","@id":"https:\/\/theclinique.ro\/primaverii\/#website","url":"https:\/\/theclinique.ro\/primaverii\/","name":"The Clinique Primaverii","description":"Beauty &amp; Health","publisher":{"@id":"https:\/\/theclinique.ro\/primaverii\/#organization"},"potentialAction":[{"@type":"SearchAction","target":{"@type":"EntryPoint","urlTemplate":"https:\/\/theclinique.ro\/primaverii\/?s={search_term_string}"},"query-input":{"@type":"PropertyValueSpecification","valueRequired":true,"valueName":"search_term_string"}}],"inLanguage":"ro-RO"},{"@type":"Organization","@id":"https:\/\/theclinique.ro\/primaverii\/#organization","name":"The Clinique Primaverii","url":"https:\/\/theclinique.ro\/primaverii\/","logo":{"@type":"ImageObject","inLanguage":"ro-RO","@id":"https:\/\/theclinique.ro\/primaverii\/#\/schema\/logo\/image\/","url":"https:\/\/theclinique.ro\/primaverii\/wp-content\/uploads\/2023\/05\/logo.png","contentUrl":"https:\/\/theclinique.ro\/primaverii\/wp-content\/uploads\/2023\/05\/logo.png","width":4369,"height":1080,"caption":"The Clinique Primaverii"},"image":{"@id":"https:\/\/theclinique.ro\/primaverii\/#\/schema\/logo\/image\/"},"sameAs":["https:\/\/www.facebook.com\/Theclinique.ro","https:\/\/www.instagram.com\/theclinique.ro\/"]}]}},"_links":{"self":[{"href":"https:\/\/theclinique.ro\/primaverii\/wp-json\/wp\/v2\/product\/4935","targetHints":{"allow":["GET"]}}],"collection":[{"href":"https:\/\/theclinique.ro\/primaverii\/wp-json\/wp\/v2\/product"}],"about":[{"href":"https:\/\/theclinique.ro\/primaverii\/wp-json\/wp\/v2\/types\/product"}],"wp:featuredmedia":[{"embeddable":true,"href":"https:\/\/theclinique.ro\/primaverii\/wp-json\/wp\/v2\/media\/56"}],"wp:attachment":[{"href":"https:\/\/theclinique.ro\/primaverii\/wp-json\/wp\/v2\/media?parent=4935"}],"wp:term":[{"taxonomy":"product_brand","embeddable":true,"href":"https:\/\/theclinique.ro\/primaverii\/wp-json\/wp\/v2\/product_brand?post=4935"},{"taxonomy":"product_cat","embeddable":true,"href":"https:\/\/theclinique.ro\/primaverii\/wp-json\/wp\/v2\/product_cat?post=4935"},{"taxonomy":"product_tag","embeddable":true,"href":"https:\/\/theclinique.ro\/primaverii\/wp-json\/wp\/v2\/product_tag?post=4935"}],"curies":[{"name":"wp","href":"https:\/\/api.w.org\/{rel}","templated":true}]}}