{"id":5020,"date":"2026-04-14T16:03:34","date_gmt":"2026-04-14T13:03:34","guid":{"rendered":"https:\/\/theclinique.ro\/primaverii\/?post_type=product&#038;p=5020"},"modified":"2026-04-14T23:53:19","modified_gmt":"2026-04-14T20:53:19","slug":"microneedling-genosys","status":"publish","type":"product","link":"https:\/\/theclinique.ro\/primaverii\/produs\/microneedling-genosys\/","title":{"rendered":"Microneedling Genosys"},"content":{"rendered":"<p>Combin\u0103m precizia microneedling-ului cu puritatea fiolelor coreene Genosys pentru a \u0219terge cicatricile, porii dilata\u021bi \u0219i imperfec\u021biunile. Stimul\u0103m produc\u021bia natural\u0103 de colagen, l\u0103s\u00e2nd pielea incredibil de fin\u0103, ferm\u0103 \u0219i regenerat\u0103 profund<\/p>\n","protected":false},"excerpt":{"rendered":"<p>Combin\u0103m precizia microneedling-ului cu puritatea fiolelor coreene Genosys pentru a \u0219terge cicatricile, porii dilata\u021bi \u0219i imperfec\u021biunile. Stimul\u0103m produc\u021bia natural\u0103 de colagen, l\u0103s\u00e2nd pielea incredibil de fin\u0103, ferm\u0103 \u0219i regenerat\u0103 profund<\/p>\n","protected":false},"featured_media":5021,"template":"","meta":[],"product_brand":[],"product_cat":[318],"product_tag":[],"class_list":{"0":"post-5020","1":"product","2":"type-product","3":"status-publish","4":"has-post-thumbnail","6":"product_cat-spring-glow-up","8":"first","9":"instock","10":"sale","11":"virtual","12":"taxable","13":"purchasable","14":"product-type-simple"},"yoast_head":"<!-- This site is optimized with the Yoast SEO plugin v27.2 - https:\/\/yoast.com\/product\/yoast-seo-wordpress\/ -->\n<title>Microneedling Genosys<\/title>\n<meta name=\"description\" content=\"The Clinique Primaverii - Microneedling Genosys\" \/>\n<meta name=\"robots\" content=\"index, follow, max-snippet:-1, max-image-preview:large, max-video-preview:-1\" \/>\n<link rel=\"canonical\" href=\"https:\/\/theclinique.ro\/primaverii\/produs\/microneedling-genosys\/\" \/>\n<meta property=\"og:locale\" content=\"ro_RO\" \/>\n<meta property=\"og:type\" content=\"article\" \/>\n<meta property=\"og:title\" content=\"Microneedling Genosys\" \/>\n<meta property=\"og:description\" content=\"The Clinique Primaverii - Microneedling Genosys\" \/>\n<meta property=\"og:url\" content=\"https:\/\/theclinique.ro\/primaverii\/produs\/microneedling-genosys\/\" \/>\n<meta property=\"og:site_name\" content=\"The Clinique Primaverii\" \/>\n<meta property=\"article:publisher\" content=\"https:\/\/www.facebook.com\/Theclinique.ro\" \/>\n<meta property=\"article:modified_time\" content=\"2026-04-14T20:53:19+00:00\" \/>\n<meta property=\"og:image\" content=\"https:\/\/theclinique.ro\/primaverii\/wp-content\/uploads\/2026\/04\/MICRONEEDLING-GENOSYS.png\" \/>\n\t<meta property=\"og:image:width\" content=\"1080\" \/>\n\t<meta property=\"og:image:height\" content=\"1080\" \/>\n\t<meta property=\"og:image:type\" content=\"image\/png\" \/>\n<meta name=\"twitter:card\" content=\"summary_large_image\" \/>\n<meta name=\"twitter:label1\" content=\"Timp estimat pentru citire\" \/>\n\t<meta name=\"twitter:data1\" content=\"1 minut\" \/>\n<script type=\"application\/ld+json\" class=\"yoast-schema-graph\">{\"@context\":\"https:\/\/schema.org\",\"@graph\":[{\"@type\":\"WebPage\",\"@id\":\"https:\/\/theclinique.ro\/primaverii\/produs\/microneedling-genosys\/\",\"url\":\"https:\/\/theclinique.ro\/primaverii\/produs\/microneedling-genosys\/\",\"name\":\"Microneedling Genosys\",\"isPartOf\":{\"@id\":\"https:\/\/theclinique.ro\/primaverii\/#website\"},\"primaryImageOfPage\":{\"@id\":\"https:\/\/theclinique.ro\/primaverii\/produs\/microneedling-genosys\/#primaryimage\"},\"image\":{\"@id\":\"https:\/\/theclinique.ro\/primaverii\/produs\/microneedling-genosys\/#primaryimage\"},\"thumbnailUrl\":\"https:\/\/theclinique.ro\/primaverii\/wp-content\/uploads\/2026\/04\/MICRONEEDLING-GENOSYS.png\",\"datePublished\":\"2026-04-14T13:03:34+00:00\",\"dateModified\":\"2026-04-14T20:53:19+00:00\",\"description\":\"The Clinique Primaverii - Microneedling Genosys\",\"breadcrumb\":{\"@id\":\"https:\/\/theclinique.ro\/primaverii\/produs\/microneedling-genosys\/#breadcrumb\"},\"inLanguage\":\"ro-RO\",\"potentialAction\":[{\"@type\":\"ReadAction\",\"target\":[\"https:\/\/theclinique.ro\/primaverii\/produs\/microneedling-genosys\/\"]}]},{\"@type\":\"ImageObject\",\"inLanguage\":\"ro-RO\",\"@id\":\"https:\/\/theclinique.ro\/primaverii\/produs\/microneedling-genosys\/#primaryimage\",\"url\":\"https:\/\/theclinique.ro\/primaverii\/wp-content\/uploads\/2026\/04\/MICRONEEDLING-GENOSYS.png\",\"contentUrl\":\"https:\/\/theclinique.ro\/primaverii\/wp-content\/uploads\/2026\/04\/MICRONEEDLING-GENOSYS.png\",\"width\":1080,\"height\":1080,\"caption\":\"Microneedling Genosys\"},{\"@type\":\"BreadcrumbList\",\"@id\":\"https:\/\/theclinique.ro\/primaverii\/produs\/microneedling-genosys\/#breadcrumb\",\"itemListElement\":[{\"@type\":\"ListItem\",\"position\":1,\"name\":\"Prima pagin\u0103\",\"item\":\"https:\/\/theclinique.ro\/primaverii\/\"},{\"@type\":\"ListItem\",\"position\":2,\"name\":\"Shop Online\",\"item\":\"https:\/\/theclinique.ro\/primaverii\/shop\/\"},{\"@type\":\"ListItem\",\"position\":3,\"name\":\"Microneedling Genosys\"}]},{\"@type\":\"WebSite\",\"@id\":\"https:\/\/theclinique.ro\/primaverii\/#website\",\"url\":\"https:\/\/theclinique.ro\/primaverii\/\",\"name\":\"The Clinique Primaverii\",\"description\":\"Beauty &amp; Health\",\"publisher\":{\"@id\":\"https:\/\/theclinique.ro\/primaverii\/#organization\"},\"potentialAction\":[{\"@type\":\"SearchAction\",\"target\":{\"@type\":\"EntryPoint\",\"urlTemplate\":\"https:\/\/theclinique.ro\/primaverii\/?s={search_term_string}\"},\"query-input\":{\"@type\":\"PropertyValueSpecification\",\"valueRequired\":true,\"valueName\":\"search_term_string\"}}],\"inLanguage\":\"ro-RO\"},{\"@type\":\"Organization\",\"@id\":\"https:\/\/theclinique.ro\/primaverii\/#organization\",\"name\":\"The Clinique Primaverii\",\"url\":\"https:\/\/theclinique.ro\/primaverii\/\",\"logo\":{\"@type\":\"ImageObject\",\"inLanguage\":\"ro-RO\",\"@id\":\"https:\/\/theclinique.ro\/primaverii\/#\/schema\/logo\/image\/\",\"url\":\"https:\/\/theclinique.ro\/primaverii\/wp-content\/uploads\/2023\/05\/logo.png\",\"contentUrl\":\"https:\/\/theclinique.ro\/primaverii\/wp-content\/uploads\/2023\/05\/logo.png\",\"width\":4369,\"height\":1080,\"caption\":\"The Clinique Primaverii\"},\"image\":{\"@id\":\"https:\/\/theclinique.ro\/primaverii\/#\/schema\/logo\/image\/\"},\"sameAs\":[\"https:\/\/www.facebook.com\/Theclinique.ro\",\"https:\/\/www.instagram.com\/theclinique.ro\/\"]}]}<\/script>\n<!-- \/ Yoast SEO plugin. -->","yoast_head_json":{"title":"Microneedling Genosys","description":"The Clinique Primaverii - Microneedling Genosys","robots":{"index":"index","follow":"follow","max-snippet":"max-snippet:-1","max-image-preview":"max-image-preview:large","max-video-preview":"max-video-preview:-1"},"canonical":"https:\/\/theclinique.ro\/primaverii\/produs\/microneedling-genosys\/","og_locale":"ro_RO","og_type":"article","og_title":"Microneedling Genosys","og_description":"The Clinique Primaverii - Microneedling Genosys","og_url":"https:\/\/theclinique.ro\/primaverii\/produs\/microneedling-genosys\/","og_site_name":"The Clinique Primaverii","article_publisher":"https:\/\/www.facebook.com\/Theclinique.ro","article_modified_time":"2026-04-14T20:53:19+00:00","og_image":[{"width":1080,"height":1080,"url":"https:\/\/theclinique.ro\/primaverii\/wp-content\/uploads\/2026\/04\/MICRONEEDLING-GENOSYS.png","type":"image\/png"}],"twitter_card":"summary_large_image","twitter_misc":{"Timp estimat pentru citire":"1 minut"},"schema":{"@context":"https:\/\/schema.org","@graph":[{"@type":"WebPage","@id":"https:\/\/theclinique.ro\/primaverii\/produs\/microneedling-genosys\/","url":"https:\/\/theclinique.ro\/primaverii\/produs\/microneedling-genosys\/","name":"Microneedling Genosys","isPartOf":{"@id":"https:\/\/theclinique.ro\/primaverii\/#website"},"primaryImageOfPage":{"@id":"https:\/\/theclinique.ro\/primaverii\/produs\/microneedling-genosys\/#primaryimage"},"image":{"@id":"https:\/\/theclinique.ro\/primaverii\/produs\/microneedling-genosys\/#primaryimage"},"thumbnailUrl":"https:\/\/theclinique.ro\/primaverii\/wp-content\/uploads\/2026\/04\/MICRONEEDLING-GENOSYS.png","datePublished":"2026-04-14T13:03:34+00:00","dateModified":"2026-04-14T20:53:19+00:00","description":"The Clinique Primaverii - Microneedling Genosys","breadcrumb":{"@id":"https:\/\/theclinique.ro\/primaverii\/produs\/microneedling-genosys\/#breadcrumb"},"inLanguage":"ro-RO","potentialAction":[{"@type":"ReadAction","target":["https:\/\/theclinique.ro\/primaverii\/produs\/microneedling-genosys\/"]}]},{"@type":"ImageObject","inLanguage":"ro-RO","@id":"https:\/\/theclinique.ro\/primaverii\/produs\/microneedling-genosys\/#primaryimage","url":"https:\/\/theclinique.ro\/primaverii\/wp-content\/uploads\/2026\/04\/MICRONEEDLING-GENOSYS.png","contentUrl":"https:\/\/theclinique.ro\/primaverii\/wp-content\/uploads\/2026\/04\/MICRONEEDLING-GENOSYS.png","width":1080,"height":1080,"caption":"Microneedling Genosys"},{"@type":"BreadcrumbList","@id":"https:\/\/theclinique.ro\/primaverii\/produs\/microneedling-genosys\/#breadcrumb","itemListElement":[{"@type":"ListItem","position":1,"name":"Prima pagin\u0103","item":"https:\/\/theclinique.ro\/primaverii\/"},{"@type":"ListItem","position":2,"name":"Shop Online","item":"https:\/\/theclinique.ro\/primaverii\/shop\/"},{"@type":"ListItem","position":3,"name":"Microneedling Genosys"}]},{"@type":"WebSite","@id":"https:\/\/theclinique.ro\/primaverii\/#website","url":"https:\/\/theclinique.ro\/primaverii\/","name":"The Clinique Primaverii","description":"Beauty &amp; Health","publisher":{"@id":"https:\/\/theclinique.ro\/primaverii\/#organization"},"potentialAction":[{"@type":"SearchAction","target":{"@type":"EntryPoint","urlTemplate":"https:\/\/theclinique.ro\/primaverii\/?s={search_term_string}"},"query-input":{"@type":"PropertyValueSpecification","valueRequired":true,"valueName":"search_term_string"}}],"inLanguage":"ro-RO"},{"@type":"Organization","@id":"https:\/\/theclinique.ro\/primaverii\/#organization","name":"The Clinique Primaverii","url":"https:\/\/theclinique.ro\/primaverii\/","logo":{"@type":"ImageObject","inLanguage":"ro-RO","@id":"https:\/\/theclinique.ro\/primaverii\/#\/schema\/logo\/image\/","url":"https:\/\/theclinique.ro\/primaverii\/wp-content\/uploads\/2023\/05\/logo.png","contentUrl":"https:\/\/theclinique.ro\/primaverii\/wp-content\/uploads\/2023\/05\/logo.png","width":4369,"height":1080,"caption":"The Clinique Primaverii"},"image":{"@id":"https:\/\/theclinique.ro\/primaverii\/#\/schema\/logo\/image\/"},"sameAs":["https:\/\/www.facebook.com\/Theclinique.ro","https:\/\/www.instagram.com\/theclinique.ro\/"]}]}},"_links":{"self":[{"href":"https:\/\/theclinique.ro\/primaverii\/wp-json\/wp\/v2\/product\/5020","targetHints":{"allow":["GET"]}}],"collection":[{"href":"https:\/\/theclinique.ro\/primaverii\/wp-json\/wp\/v2\/product"}],"about":[{"href":"https:\/\/theclinique.ro\/primaverii\/wp-json\/wp\/v2\/types\/product"}],"wp:featuredmedia":[{"embeddable":true,"href":"https:\/\/theclinique.ro\/primaverii\/wp-json\/wp\/v2\/media\/5021"}],"wp:attachment":[{"href":"https:\/\/theclinique.ro\/primaverii\/wp-json\/wp\/v2\/media?parent=5020"}],"wp:term":[{"taxonomy":"product_brand","embeddable":true,"href":"https:\/\/theclinique.ro\/primaverii\/wp-json\/wp\/v2\/product_brand?post=5020"},{"taxonomy":"product_cat","embeddable":true,"href":"https:\/\/theclinique.ro\/primaverii\/wp-json\/wp\/v2\/product_cat?post=5020"},{"taxonomy":"product_tag","embeddable":true,"href":"https:\/\/theclinique.ro\/primaverii\/wp-json\/wp\/v2\/product_tag?post=5020"}],"curies":[{"name":"wp","href":"https:\/\/api.w.org\/{rel}","templated":true}]}}